{"id":7604,"date":"2024-08-14T21:37:34","date_gmt":"2024-08-14T20:37:34","guid":{"rendered":"https:\/\/www.studinano.com\/blog\/?page_id=7604"},"modified":"2025-05-18T13:10:43","modified_gmt":"2025-05-18T12:10:43","slug":"contacts","status":"publish","type":"page","link":"https:\/\/www.studinano.com\/blog\/contacts\/","title":{"rendered":"Contacts"},"content":{"rendered":"<span class=\"span-reading-time rt-reading-time\" style=\"display: block;\"><span class=\"rt-label rt-prefix\">Temps de lecture&nbsp;: <\/span> <span class=\"rt-time\"> &lt;&nbsp;1<\/span> <span class=\"rt-label rt-postfix\">minute<\/span><\/span>\n<p>Si vous avez des questions, des suggestions ou des pr&eacute;occupations, n&rsquo;h&eacute;sitez pas &agrave; nous contacter en utilisant le formulaire ci-dessous.<\/p>\n\n\n\n\n<div class=\"wp-block-jetpack-contact-form is-layout-flex wp-container-jetpack-contact-form-is-layout-b7ed9015 wp-block-jetpack-contact-form-is-layout-flex\"><a href=\"https:\/\/www.studinano.com\/blog\/contacts\/\" target=\"_blank\" rel=\"noopener noreferrer\">Soumettre un formulaire.<\/a><\/div>","protected":false},"excerpt":{"rendered":"<p><span class=\"span-reading-time rt-reading-time\" style=\"display: block;\"><span class=\"rt-label rt-prefix\">Temps de lecture&nbsp;: <\/span> <span class=\"rt-time\"> &lt;&nbsp;1<\/span> <span class=\"rt-label rt-postfix\">minute<\/span><\/span>Si vous avez des questions, des suggestions ou des pr&eacute;occupations, n&rsquo;h&eacute;sitez pas &agrave; nous contacter en utilisant le formulaire ci-dessous.<\/p>","protected":false},"author":1,"featured_media":10052,"parent":0,"menu_order":0,"comment_status":"closed","ping_status":"closed","template":"","meta":{"jetpack_post_was_ever_published":false,"footnotes":"","_links_to":"","_links_to_target":""},"class_list":["post-7604","page","type-page","status-publish","has-post-thumbnail","hentry"],"yoast_head":"<!-- This site is optimized with the Yoast SEO plugin v27.3 - https:\/\/yoast.com\/product\/yoast-seo-wordpress\/ -->\n<title>Contacts - Studinano, le blog<\/title>\n<meta name=\"description\" content=\"Si vous avez des questions, des suggestions ou des pr\u00e9occupations, n&#039;h\u00e9sitez pas \u00e0 nous contacter en utilisant le formulaire ci-dessous.\" \/>\n<meta name=\"robots\" content=\"index, follow, max-snippet:-1, max-image-preview:large, max-video-preview:-1\" \/>\n<link rel=\"canonical\" href=\"https:\/\/www.studinano.com\/blog\/contacts\/\" \/>\n<meta property=\"og:locale\" content=\"fr_FR\" \/>\n<meta property=\"og:type\" content=\"article\" \/>\n<meta property=\"og:title\" content=\"Contacts - Studinano, le blog\" \/>\n<meta property=\"og:description\" content=\"Si vous avez des questions, des suggestions ou des pr\u00e9occupations, n&#039;h\u00e9sitez pas \u00e0 nous contacter en utilisant le formulaire ci-dessous.\" \/>\n<meta property=\"og:url\" content=\"https:\/\/www.studinano.com\/blog\/contacts\/\" \/>\n<meta property=\"og:site_name\" content=\"Studinano, le blog\" \/>\n<meta property=\"article:publisher\" content=\"https:\/\/www.facebook.com\/ByShou\" \/>\n<meta property=\"article:modified_time\" content=\"2025-05-18T12:10:43+00:00\" \/>\n<meta property=\"og:image\" content=\"https:\/\/www.studinano.com\/blog\/wp-content\/uploads\/2025\/05\/envelopes-6919301_1280.jpg\" \/>\n\t<meta property=\"og:image:width\" content=\"1280\" \/>\n\t<meta property=\"og:image:height\" content=\"589\" \/>\n\t<meta property=\"og:image:type\" content=\"image\/jpeg\" \/>\n<meta name=\"twitter:card\" content=\"summary_large_image\" \/>\n<meta name=\"twitter:site\" content=\"@Studinano\" \/>\n<meta name=\"twitter:label1\" content=\"Dur\u00e9e de lecture estim\u00e9e\" \/>\n\t<meta name=\"twitter:data1\" content=\"1 minute\" \/>\n<script type=\"application\/ld+json\" class=\"yoast-schema-graph\">{\"@context\":\"https:\\\/\\\/schema.org\",\"@graph\":[{\"@type\":[\"WebPage\",\"ContactPage\"],\"@id\":\"https:\\\/\\\/www.studinano.com\\\/blog\\\/contacts\\\/\",\"url\":\"https:\\\/\\\/www.studinano.com\\\/blog\\\/contacts\\\/\",\"name\":\"Contacts - Studinano, le blog\",\"isPartOf\":{\"@id\":\"https:\\\/\\\/www.studinano.com\\\/blog\\\/#website\"},\"primaryImageOfPage\":{\"@id\":\"https:\\\/\\\/www.studinano.com\\\/blog\\\/contacts\\\/#primaryimage\"},\"image\":{\"@id\":\"https:\\\/\\\/www.studinano.com\\\/blog\\\/contacts\\\/#primaryimage\"},\"thumbnailUrl\":\"https:\\\/\\\/i0.wp.com\\\/www.studinano.com\\\/blog\\\/wp-content\\\/uploads\\\/2025\\\/05\\\/envelopes-6919301_1280.jpg?fit=1280%2C589&ssl=1\",\"datePublished\":\"2024-08-14T20:37:34+00:00\",\"dateModified\":\"2025-05-18T12:10:43+00:00\",\"description\":\"Si vous avez des questions, des suggestions ou des pr\u00e9occupations, n'h\u00e9sitez pas \u00e0 nous contacter en utilisant le formulaire ci-dessous.\",\"breadcrumb\":{\"@id\":\"https:\\\/\\\/www.studinano.com\\\/blog\\\/contacts\\\/#breadcrumb\"},\"inLanguage\":\"fr-FR\",\"potentialAction\":[{\"@type\":\"ReadAction\",\"target\":[\"https:\\\/\\\/www.studinano.com\\\/blog\\\/contacts\\\/\"]}]},{\"@type\":\"ImageObject\",\"inLanguage\":\"fr-FR\",\"@id\":\"https:\\\/\\\/www.studinano.com\\\/blog\\\/contacts\\\/#primaryimage\",\"url\":\"https:\\\/\\\/i0.wp.com\\\/www.studinano.com\\\/blog\\\/wp-content\\\/uploads\\\/2025\\\/05\\\/envelopes-6919301_1280.jpg?fit=1280%2C589&ssl=1\",\"contentUrl\":\"https:\\\/\\\/i0.wp.com\\\/www.studinano.com\\\/blog\\\/wp-content\\\/uploads\\\/2025\\\/05\\\/envelopes-6919301_1280.jpg?fit=1280%2C589&ssl=1\",\"width\":1280,\"height\":589},{\"@type\":\"BreadcrumbList\",\"@id\":\"https:\\\/\\\/www.studinano.com\\\/blog\\\/contacts\\\/#breadcrumb\",\"itemListElement\":[{\"@type\":\"ListItem\",\"position\":1,\"name\":\"Accueil\",\"item\":\"https:\\\/\\\/www.studinano.com\\\/blog\\\/\"},{\"@type\":\"ListItem\",\"position\":2,\"name\":\"Contacts\"}]},{\"@type\":\"WebSite\",\"@id\":\"https:\\\/\\\/www.studinano.com\\\/blog\\\/#website\",\"url\":\"https:\\\/\\\/www.studinano.com\\\/blog\\\/\",\"name\":\"Studinano, le blog\",\"description\":\"Dans les rouages de l&#039;art et de la culture\",\"publisher\":{\"@id\":\"https:\\\/\\\/www.studinano.com\\\/blog\\\/#organization\"},\"potentialAction\":[{\"@type\":\"SearchAction\",\"target\":{\"@type\":\"EntryPoint\",\"urlTemplate\":\"https:\\\/\\\/www.studinano.com\\\/blog\\\/?s={search_term_string}\"},\"query-input\":{\"@type\":\"PropertyValueSpecification\",\"valueRequired\":true,\"valueName\":\"search_term_string\"}}],\"inLanguage\":\"fr-FR\"},{\"@type\":\"Organization\",\"@id\":\"https:\\\/\\\/www.studinano.com\\\/blog\\\/#organization\",\"name\":\"Studinano\",\"url\":\"https:\\\/\\\/www.studinano.com\\\/blog\\\/\",\"logo\":{\"@type\":\"ImageObject\",\"inLanguage\":\"fr-FR\",\"@id\":\"https:\\\/\\\/www.studinano.com\\\/blog\\\/#\\\/schema\\\/logo\\\/image\\\/\",\"url\":\"https:\\\/\\\/i0.wp.com\\\/www.studinano.com\\\/blog\\\/wp-content\\\/uploads\\\/2024\\\/08\\\/logo-studinano-coccinelle-pieuvre-steampunk.png?fit=1024%2C1024&ssl=1\",\"contentUrl\":\"https:\\\/\\\/i0.wp.com\\\/www.studinano.com\\\/blog\\\/wp-content\\\/uploads\\\/2024\\\/08\\\/logo-studinano-coccinelle-pieuvre-steampunk.png?fit=1024%2C1024&ssl=1\",\"width\":1024,\"height\":1024,\"caption\":\"Studinano\"},\"image\":{\"@id\":\"https:\\\/\\\/www.studinano.com\\\/blog\\\/#\\\/schema\\\/logo\\\/image\\\/\"},\"sameAs\":[\"https:\\\/\\\/www.facebook.com\\\/ByShou\",\"https:\\\/\\\/x.com\\\/Studinano\",\"https:\\\/\\\/www.instagram.com\\\/studinano.art\",\"https:\\\/\\\/www.tiktok.com\\\/@studidinano\",\"https:\\\/\\\/www.threads.net\\\/@studinano.art\"]}]}<\/script>\n<!-- \/ Yoast SEO plugin. -->","yoast_head_json":{"title":"Contacts - Studinano, le blog","description":"Si vous avez des questions, des suggestions ou des pr\u00e9occupations, n'h\u00e9sitez pas \u00e0 nous contacter en utilisant le formulaire ci-dessous.","robots":{"index":"index","follow":"follow","max-snippet":"max-snippet:-1","max-image-preview":"max-image-preview:large","max-video-preview":"max-video-preview:-1"},"canonical":"https:\/\/www.studinano.com\/blog\/contacts\/","og_locale":"fr_FR","og_type":"article","og_title":"Contacts - Studinano, le blog","og_description":"Si vous avez des questions, des suggestions ou des pr\u00e9occupations, n'h\u00e9sitez pas \u00e0 nous contacter en utilisant le formulaire ci-dessous.","og_url":"https:\/\/www.studinano.com\/blog\/contacts\/","og_site_name":"Studinano, le blog","article_publisher":"https:\/\/www.facebook.com\/ByShou","article_modified_time":"2025-05-18T12:10:43+00:00","og_image":[{"width":1280,"height":589,"url":"https:\/\/www.studinano.com\/blog\/wp-content\/uploads\/2025\/05\/envelopes-6919301_1280.jpg","type":"image\/jpeg"}],"twitter_card":"summary_large_image","twitter_site":"@Studinano","twitter_misc":{"Dur\u00e9e de lecture estim\u00e9e":"1 minute"},"schema":{"@context":"https:\/\/schema.org","@graph":[{"@type":["WebPage","ContactPage"],"@id":"https:\/\/www.studinano.com\/blog\/contacts\/","url":"https:\/\/www.studinano.com\/blog\/contacts\/","name":"Contacts - Studinano, le blog","isPartOf":{"@id":"https:\/\/www.studinano.com\/blog\/#website"},"primaryImageOfPage":{"@id":"https:\/\/www.studinano.com\/blog\/contacts\/#primaryimage"},"image":{"@id":"https:\/\/www.studinano.com\/blog\/contacts\/#primaryimage"},"thumbnailUrl":"https:\/\/i0.wp.com\/www.studinano.com\/blog\/wp-content\/uploads\/2025\/05\/envelopes-6919301_1280.jpg?fit=1280%2C589&ssl=1","datePublished":"2024-08-14T20:37:34+00:00","dateModified":"2025-05-18T12:10:43+00:00","description":"Si vous avez des questions, des suggestions ou des pr\u00e9occupations, n'h\u00e9sitez pas \u00e0 nous contacter en utilisant le formulaire ci-dessous.","breadcrumb":{"@id":"https:\/\/www.studinano.com\/blog\/contacts\/#breadcrumb"},"inLanguage":"fr-FR","potentialAction":[{"@type":"ReadAction","target":["https:\/\/www.studinano.com\/blog\/contacts\/"]}]},{"@type":"ImageObject","inLanguage":"fr-FR","@id":"https:\/\/www.studinano.com\/blog\/contacts\/#primaryimage","url":"https:\/\/i0.wp.com\/www.studinano.com\/blog\/wp-content\/uploads\/2025\/05\/envelopes-6919301_1280.jpg?fit=1280%2C589&ssl=1","contentUrl":"https:\/\/i0.wp.com\/www.studinano.com\/blog\/wp-content\/uploads\/2025\/05\/envelopes-6919301_1280.jpg?fit=1280%2C589&ssl=1","width":1280,"height":589},{"@type":"BreadcrumbList","@id":"https:\/\/www.studinano.com\/blog\/contacts\/#breadcrumb","itemListElement":[{"@type":"ListItem","position":1,"name":"Accueil","item":"https:\/\/www.studinano.com\/blog\/"},{"@type":"ListItem","position":2,"name":"Contacts"}]},{"@type":"WebSite","@id":"https:\/\/www.studinano.com\/blog\/#website","url":"https:\/\/www.studinano.com\/blog\/","name":"Studinano, le blog","description":"Dans les rouages de l&#039;art et de la culture","publisher":{"@id":"https:\/\/www.studinano.com\/blog\/#organization"},"potentialAction":[{"@type":"SearchAction","target":{"@type":"EntryPoint","urlTemplate":"https:\/\/www.studinano.com\/blog\/?s={search_term_string}"},"query-input":{"@type":"PropertyValueSpecification","valueRequired":true,"valueName":"search_term_string"}}],"inLanguage":"fr-FR"},{"@type":"Organization","@id":"https:\/\/www.studinano.com\/blog\/#organization","name":"Studinano","url":"https:\/\/www.studinano.com\/blog\/","logo":{"@type":"ImageObject","inLanguage":"fr-FR","@id":"https:\/\/www.studinano.com\/blog\/#\/schema\/logo\/image\/","url":"https:\/\/i0.wp.com\/www.studinano.com\/blog\/wp-content\/uploads\/2024\/08\/logo-studinano-coccinelle-pieuvre-steampunk.png?fit=1024%2C1024&ssl=1","contentUrl":"https:\/\/i0.wp.com\/www.studinano.com\/blog\/wp-content\/uploads\/2024\/08\/logo-studinano-coccinelle-pieuvre-steampunk.png?fit=1024%2C1024&ssl=1","width":1024,"height":1024,"caption":"Studinano"},"image":{"@id":"https:\/\/www.studinano.com\/blog\/#\/schema\/logo\/image\/"},"sameAs":["https:\/\/www.facebook.com\/ByShou","https:\/\/x.com\/Studinano","https:\/\/www.instagram.com\/studinano.art","https:\/\/www.tiktok.com\/@studidinano","https:\/\/www.threads.net\/@studinano.art"]}]}},"jetpack_shortlink":"https:\/\/wp.me\/P4XjvG-1YE","jetpack_sharing_enabled":true,"jetpack-related-posts":[{"id":1353,"url":"https:\/\/www.studinano.com\/blog\/about\/contacts\/","url_meta":{"origin":7604,"position":0},"title":"Contacts","author":"Studinano","date":"21 ao\u00fbt 2014","format":false,"excerpt":"Vous souhaitez me contacter ? Rien de plus simple : n'h\u00e9sitez pas \u00e0 utiliser le formulaire ci-dessous pour m'envoyer un e-mail. Sachez que vous pouvez \u00e9galement me contacter via les r\u00e9seaux sociaux : Facebook, Twitter ou encore Instagram.","rel":"","context":"Dans \"commande\"","block_context":{"text":"commande","link":"https:\/\/www.studinano.com\/blog\/tag\/commande\/"},"img":{"alt_text":"","src":"https:\/\/i0.wp.com\/www.studinano.com\/blog\/wp-content\/uploads\/2014\/08\/Sans-titre-11_.jpg?fit=1200%2C242&ssl=1&resize=350%2C200","width":350,"height":200,"srcset":"https:\/\/i0.wp.com\/www.studinano.com\/blog\/wp-content\/uploads\/2014\/08\/Sans-titre-11_.jpg?fit=1200%2C242&ssl=1&resize=350%2C200 1x, https:\/\/i0.wp.com\/www.studinano.com\/blog\/wp-content\/uploads\/2014\/08\/Sans-titre-11_.jpg?fit=1200%2C242&ssl=1&resize=525%2C300 1.5x, https:\/\/i0.wp.com\/www.studinano.com\/blog\/wp-content\/uploads\/2014\/08\/Sans-titre-11_.jpg?fit=1200%2C242&ssl=1&resize=700%2C400 2x, https:\/\/i0.wp.com\/www.studinano.com\/blog\/wp-content\/uploads\/2014\/08\/Sans-titre-11_.jpg?fit=1200%2C242&ssl=1&resize=1050%2C600 3x"},"classes":[]},{"id":1086,"url":"https:\/\/www.studinano.com\/blog\/livre-dor\/","url_meta":{"origin":7604,"position":1},"title":"Livre d&rsquo;or","author":"Studinano","date":"27 janvier 2012","format":false,"excerpt":"Si votre visite a \u00e9t\u00e9 agr\u00e9able, que vous avez appr\u00e9ciez mon travail et que vous souhaiteriez laisser une petite trace de votre passage (ce qui sera, pour moi, un grand plaisir !), vous pouvez le faire ci-dessous, par le biais des commentaires. Les critiques, bonnes et mauvaises, sont tout \u00e0\u2026","rel":"","context":"Avec 27 commentaires","block_context":{"text":"Avec 27 commentaires","link":"https:\/\/www.studinano.com\/blog\/livre-dor\/#comments"},"img":{"alt_text":"","src":"https:\/\/i0.wp.com\/www.studinano.com\/blog\/wp-content\/uploads\/2024\/08\/Livre-dor.jpg?fit=1200%2C600&ssl=1&resize=350%2C200","width":350,"height":200,"srcset":"https:\/\/i0.wp.com\/www.studinano.com\/blog\/wp-content\/uploads\/2024\/08\/Livre-dor.jpg?fit=1200%2C600&ssl=1&resize=350%2C200 1x, https:\/\/i0.wp.com\/www.studinano.com\/blog\/wp-content\/uploads\/2024\/08\/Livre-dor.jpg?fit=1200%2C600&ssl=1&resize=525%2C300 1.5x, https:\/\/i0.wp.com\/www.studinano.com\/blog\/wp-content\/uploads\/2024\/08\/Livre-dor.jpg?fit=1200%2C600&ssl=1&resize=700%2C400 2x, https:\/\/i0.wp.com\/www.studinano.com\/blog\/wp-content\/uploads\/2024\/08\/Livre-dor.jpg?fit=1200%2C600&ssl=1&resize=1050%2C600 3x"},"classes":[]},{"id":1320,"url":"https:\/\/www.studinano.com\/blog\/les-boutiques-studinano\/","url_meta":{"origin":7604,"position":2},"title":"Boutiques | Shops","author":"Studinano","date":"20 ao\u00fbt 2014","format":false,"excerpt":"Commander sur Studinano : Liste des boutiques Studinano : Boutique Etsy : J'y vends des toiles, dessins et\/ou reproductions faites-mains. Comme il s'agit souvent d'exemplaires uniques, le stock de cette boutique est tr\u00e8s variable. J'y mets cependant en vente des reproductions \u00e0 prix tout \u00e0 fait abordables (comme des petites\u2026","rel":"","context":"Article similaire","block_context":{"text":"Article similaire","link":""},"img":{"alt_text":"","src":"https:\/\/i0.wp.com\/www.studinano.com\/blog\/wp-content\/uploads\/2014\/08\/produits-boutiques-studinano.jpg?fit=1038%2C240&ssl=1&resize=350%2C200","width":350,"height":200,"srcset":"https:\/\/i0.wp.com\/www.studinano.com\/blog\/wp-content\/uploads\/2014\/08\/produits-boutiques-studinano.jpg?fit=1038%2C240&ssl=1&resize=350%2C200 1x, https:\/\/i0.wp.com\/www.studinano.com\/blog\/wp-content\/uploads\/2014\/08\/produits-boutiques-studinano.jpg?fit=1038%2C240&ssl=1&resize=525%2C300 1.5x, https:\/\/i0.wp.com\/www.studinano.com\/blog\/wp-content\/uploads\/2014\/08\/produits-boutiques-studinano.jpg?fit=1038%2C240&ssl=1&resize=700%2C400 2x"},"classes":[]},{"id":8387,"url":"https:\/\/www.studinano.com\/blog\/politique-de-confidentialite\/","url_meta":{"origin":7604,"position":3},"title":"Politique de confidentialit\u00e9","author":"Studinano","date":"19 ao\u00fbt 2024","format":false,"excerpt":"Qui sommes-nous\u00a0? L\u2019adresse de notre site est\u00a0: https:\/\/www.studinano.com\/blog. Commentaires Quand vous laissez un commentaire sur notre site, les donn\u00e9es inscrites dans le formulaire de commentaire, ainsi que votre adresse IP et l\u2019agent utilisateur de votre navigateur sont collect\u00e9s pour nous aider \u00e0 la d\u00e9tection des commentaires ind\u00e9sirables. Une cha\u00eene anonymis\u00e9e\u2026","rel":"","context":"Article similaire","block_context":{"text":"Article similaire","link":""},"img":{"alt_text":"","src":"","width":0,"height":0},"classes":[]},{"id":7,"url":"https:\/\/www.studinano.com\/blog\/studinano-est-en-maintenance\/","url_meta":{"origin":7604,"position":4},"title":"Bienvenue sur Studinano !","author":"Studinano","date":"19 ao\u00fbt 2014","format":false,"excerpt":"Toute l'ann\u00e9e, pensez aux boutiques Studinano ! Vous y trouverez des v\u00eatements, des bijoux, des accessoires et des cr\u00e9ations originales pour faire plaisir aux grands, aux petits, \u00e0 toute la famille et pour toutes les occasions ! Boutique Etsy - Boutique Redbubble - Boutique Spreadshirt Citation : Derni\u00e8res nouveaut\u00e9s et\u2026","rel":"","context":"Dans \"#JeSuisCharlie\"","block_context":{"text":"#JeSuisCharlie","link":"https:\/\/www.studinano.com\/blog\/tag\/jesuischarlie\/"},"img":{"alt_text":"","src":"https:\/\/i0.wp.com\/www.studinano.com\/blog\/wp-content\/uploads\/2014\/08\/bienvenue.jpg?fit=1200%2C229&ssl=1&resize=350%2C200","width":350,"height":200,"srcset":"https:\/\/i0.wp.com\/www.studinano.com\/blog\/wp-content\/uploads\/2014\/08\/bienvenue.jpg?fit=1200%2C229&ssl=1&resize=350%2C200 1x, https:\/\/i0.wp.com\/www.studinano.com\/blog\/wp-content\/uploads\/2014\/08\/bienvenue.jpg?fit=1200%2C229&ssl=1&resize=525%2C300 1.5x, https:\/\/i0.wp.com\/www.studinano.com\/blog\/wp-content\/uploads\/2014\/08\/bienvenue.jpg?fit=1200%2C229&ssl=1&resize=700%2C400 2x, https:\/\/i0.wp.com\/www.studinano.com\/blog\/wp-content\/uploads\/2014\/08\/bienvenue.jpg?fit=1200%2C229&ssl=1&resize=1050%2C600 3x"},"classes":[]},{"id":1524,"url":"https:\/\/www.studinano.com\/blog\/about\/mentions-legales\/","url_meta":{"origin":7604,"position":5},"title":"Mentions Legales","author":"Studinano","date":"26 ao\u00fbt 2014","format":false,"excerpt":"\u00c9diteur Ce site web a \u00e9t\u00e9 cr\u00e9\u00e9 et est \u00e9dit\u00e9 par Caroline Soreau. Le pseudonyme de Caroline Soreau, sous lequel le travail pr\u00e9sent sur ce site peut \u00e9galement se trouver sign\u00e9, est Shou' ou, plus exceptionnellement, Shousetsu. Que ce soit sous ces pseudonymes ou sous son nom complet, sauf mention\u2026","rel":"","context":"Article similaire","block_context":{"text":"Article similaire","link":""},"img":{"alt_text":"","src":"https:\/\/i0.wp.com\/www.studinano.com\/blog\/wp-content\/uploads\/2025\/05\/privacy-policy-5243225_1280.jpg?fit=1200%2C630&ssl=1&resize=350%2C200","width":350,"height":200,"srcset":"https:\/\/i0.wp.com\/www.studinano.com\/blog\/wp-content\/uploads\/2025\/05\/privacy-policy-5243225_1280.jpg?fit=1200%2C630&ssl=1&resize=350%2C200 1x, https:\/\/i0.wp.com\/www.studinano.com\/blog\/wp-content\/uploads\/2025\/05\/privacy-policy-5243225_1280.jpg?fit=1200%2C630&ssl=1&resize=525%2C300 1.5x, https:\/\/i0.wp.com\/www.studinano.com\/blog\/wp-content\/uploads\/2025\/05\/privacy-policy-5243225_1280.jpg?fit=1200%2C630&ssl=1&resize=700%2C400 2x, https:\/\/i0.wp.com\/www.studinano.com\/blog\/wp-content\/uploads\/2025\/05\/privacy-policy-5243225_1280.jpg?fit=1200%2C630&ssl=1&resize=1050%2C600 3x"},"classes":[]}],"jetpack_likes_enabled":true,"_links":{"self":[{"href":"https:\/\/www.studinano.com\/blog\/wp-json\/wp\/v2\/pages\/7604","targetHints":{"allow":["GET"]}}],"collection":[{"href":"https:\/\/www.studinano.com\/blog\/wp-json\/wp\/v2\/pages"}],"about":[{"href":"https:\/\/www.studinano.com\/blog\/wp-json\/wp\/v2\/types\/page"}],"author":[{"embeddable":true,"href":"https:\/\/www.studinano.com\/blog\/wp-json\/wp\/v2\/users\/1"}],"replies":[{"embeddable":true,"href":"https:\/\/www.studinano.com\/blog\/wp-json\/wp\/v2\/comments?post=7604"}],"version-history":[{"count":2,"href":"https:\/\/www.studinano.com\/blog\/wp-json\/wp\/v2\/pages\/7604\/revisions"}],"predecessor-version":[{"id":10047,"href":"https:\/\/www.studinano.com\/blog\/wp-json\/wp\/v2\/pages\/7604\/revisions\/10047"}],"wp:featuredmedia":[{"embeddable":true,"href":"https:\/\/www.studinano.com\/blog\/wp-json\/wp\/v2\/media\/10052"}],"wp:attachment":[{"href":"https:\/\/www.studinano.com\/blog\/wp-json\/wp\/v2\/media?parent=7604"}],"curies":[{"name":"wp","href":"https:\/\/api.w.org\/{rel}","templated":true}]}}