{"id":24,"date":"2012-01-27T14:48:42","date_gmt":"2012-01-27T13:48:42","guid":{"rendered":"http:\/\/studinano.com\/WordPress\/?page_id=24"},"modified":"2026-03-28T16:28:20","modified_gmt":"2026-03-28T15:28:20","slug":"about","status":"publish","type":"page","link":"https:\/\/www.studinano.com\/blog\/about\/","title":{"rendered":"Studinano : Blog art, culture et cr\u00e9ation par Caroline S."},"content":{"rendered":"<span class=\"span-reading-time rt-reading-time\" style=\"display: block;\"><span class=\"rt-label rt-prefix\">Temps de lecture&nbsp;: <\/span> <span class=\"rt-time\"> &lt;&nbsp;1<\/span> <span class=\"rt-label rt-postfix\">minute<\/span><\/span><p>Studinano est la contraction des termes &laquo;&nbsp;Studiolo&nbsp;&raquo; (mot italien &eacute;voquant le cabinet de travail, en r&eacute;f&eacute;rence &agrave; ceux qui ont &eacute;t&eacute; conserv&eacute;s depuis la Renaissance) et &laquo;&nbsp;Nano&nbsp;&raquo; (unit&eacute; utilis&eacute;e en &eacute;lectronique pour d&eacute;signer un &eacute;l&eacute;ment tr&egrave;s petit).<\/p>\n<p><em>Studinano is the contraction of the terms &laquo;&nbsp;Studiolo&nbsp;&raquo; (Italian word evoking the study, in reference to those who were preserved since the Renaissance) and &laquo;&nbsp;Nano&nbsp;&raquo; (unity used in electronics to indicate a very small element).<\/em><\/p>\n<p>Studinano est le nom du portfolio officiel des cr&eacute;ations de Caroline S. (signant &eacute;galement sous le pseudonyme de Shou&rsquo;). Il regroupe principalement ses cr&eacute;ations en pixel art mais &eacute;galement ses dessins et peintures et, en particulier, ses recherches graphiques concernant l&rsquo;humain &agrave; travers l&rsquo;environnement num&eacute;rique.<\/p>\n<p><em>Studinano is the official portfolio of Caroline S.&lsquo;s creations (also signing under the pen name of Shou&rsquo;). It groups mainly her creations in pixel art, her drawings and paintings but also her graphic researches concerning the human being through the digital environment.<\/em><\/p>\n<p>Ses &laquo;&nbsp;faceless girls&nbsp;&raquo; (filles sans visage) sont des personnages r&eacute;currents de son travail mais &eacute;galement, en plus des techniques num&eacute;riques, toutes les &eacute;vocations &agrave; l&rsquo;environnement dit &laquo;&nbsp;geek&nbsp;&raquo; voire &laquo;&nbsp;otaku&nbsp;&raquo; dans lequel elle &eacute;volue elle-m&ecirc;me. A la fois critique sur la soci&eacute;t&eacute; qui l&rsquo;entoure et profond&eacute;ment proche de ce qu&rsquo;elle procure, Shou&rsquo; est une jeune artiste plasticienne en devenir que vous pourriez bien aimer suivre &#128521;<\/p>\n<p><em>Her &laquo;&nbsp;faceless girls&nbsp;&raquo; are recurring characters of her work but also, besides the digital techniques, all the evocations to the &laquo;&nbsp;geek&nbsp;&raquo; or &laquo;&nbsp;otaku&nbsp;&raquo; environment in whom she evolves. With a critical look on the world which surrounds her but close to it anyway, Shou&rsquo; is a young plastic artist you could like following &#128521;<\/em><\/p>","protected":false},"excerpt":{"rendered":"<p><span class=\"span-reading-time rt-reading-time\" style=\"display: block;\"><span class=\"rt-label rt-prefix\">Temps de lecture&nbsp;: <\/span> <span class=\"rt-time\"> &lt;&nbsp;1<\/span> <span class=\"rt-label rt-postfix\">minute<\/span><\/span>Studinano est la contraction des termes &laquo;&nbsp;Studiolo&nbsp;&raquo; (mot italien &eacute;voquant le cabinet de travail, en r&eacute;f&eacute;rence &agrave; ceux qui ont &eacute;t&eacute; conserv&eacute;s depuis la Renaissance) et &laquo;&nbsp;Nano&nbsp;&raquo; (unit&eacute; utilis&eacute;e en &eacute;lectronique pour d&eacute;signer un &eacute;l&eacute;ment tr&egrave;s petit). Studinano is the contraction of the terms &laquo;&nbsp;Studiolo&nbsp;&raquo; (Italian word evoking the study, in reference to those who [&hellip;]<\/p>","protected":false},"author":1,"featured_media":0,"parent":0,"menu_order":5,"comment_status":"closed","ping_status":"closed","template":"","meta":{"jetpack_post_was_ever_published":false,"footnotes":"","_links_to":"","_links_to_target":""},"class_list":["post-24","page","type-page","status-publish","hentry"],"yoast_head":"<!-- This site is optimized with the Yoast SEO plugin v27.4 - https:\/\/yoast.com\/product\/yoast-seo-wordpress\/ -->\n<title>Studinano : Blog art, culture et cr\u00e9ation par Caroline S. - Studinano, le blog<\/title>\n<meta name=\"description\" content=\"Studinano, blog de Caroline S. (alias Shou) : pixel art, peinture, steampunk et culture. D\u00e9couvrez un regard artistique singulier sur l&#039;art et le patrimoine.\" \/>\n<meta name=\"robots\" content=\"index, follow, max-snippet:-1, max-image-preview:large, max-video-preview:-1\" \/>\n<link rel=\"canonical\" href=\"https:\/\/www.studinano.com\/blog\/about\/\" \/>\n<meta property=\"og:locale\" content=\"fr_FR\" \/>\n<meta property=\"og:type\" content=\"article\" \/>\n<meta property=\"og:title\" content=\"Studinano : Blog art, culture et cr\u00e9ation par Caroline S. - Studinano, le blog\" \/>\n<meta property=\"og:description\" content=\"Studinano, blog de Caroline S. (alias Shou) : pixel art, peinture, steampunk et culture. D\u00e9couvrez un regard artistique singulier sur l&#039;art et le patrimoine.\" \/>\n<meta property=\"og:url\" content=\"https:\/\/www.studinano.com\/blog\/about\/\" \/>\n<meta property=\"og:site_name\" content=\"Studinano, le blog\" \/>\n<meta property=\"article:publisher\" content=\"https:\/\/www.facebook.com\/ByShou\" \/>\n<meta property=\"article:modified_time\" content=\"2026-03-28T15:28:20+00:00\" \/>\n<meta name=\"twitter:card\" content=\"summary_large_image\" \/>\n<meta name=\"twitter:site\" content=\"@Studinano\" \/>\n<meta name=\"twitter:label1\" content=\"Dur\u00e9e de lecture estim\u00e9e\" \/>\n\t<meta name=\"twitter:data1\" content=\"2 minutes\" \/>\n<script type=\"application\/ld+json\" class=\"yoast-schema-graph\">{\"@context\":\"https:\\\/\\\/schema.org\",\"@graph\":[{\"@type\":\"WebPage\",\"@id\":\"https:\\\/\\\/www.studinano.com\\\/blog\\\/about\\\/\",\"url\":\"https:\\\/\\\/www.studinano.com\\\/blog\\\/about\\\/\",\"name\":\"Studinano : Blog art, culture et cr\u00e9ation par Caroline S. - Studinano, le blog\",\"isPartOf\":{\"@id\":\"https:\\\/\\\/www.studinano.com\\\/blog\\\/#website\"},\"datePublished\":\"2012-01-27T13:48:42+00:00\",\"dateModified\":\"2026-03-28T15:28:20+00:00\",\"description\":\"Studinano, blog de Caroline S. (alias Shou) : pixel art, peinture, steampunk et culture. D\u00e9couvrez un regard artistique singulier sur l'art et le patrimoine.\",\"breadcrumb\":{\"@id\":\"https:\\\/\\\/www.studinano.com\\\/blog\\\/about\\\/#breadcrumb\"},\"inLanguage\":\"fr-FR\",\"potentialAction\":[{\"@type\":\"ReadAction\",\"target\":[\"https:\\\/\\\/www.studinano.com\\\/blog\\\/about\\\/\"]}]},{\"@type\":\"BreadcrumbList\",\"@id\":\"https:\\\/\\\/www.studinano.com\\\/blog\\\/about\\\/#breadcrumb\",\"itemListElement\":[{\"@type\":\"ListItem\",\"position\":1,\"name\":\"Accueil\",\"item\":\"https:\\\/\\\/www.studinano.com\\\/blog\\\/\"},{\"@type\":\"ListItem\",\"position\":2,\"name\":\"Studinano : Blog art, culture et cr\u00e9ation par Caroline S.\"}]},{\"@type\":\"WebSite\",\"@id\":\"https:\\\/\\\/www.studinano.com\\\/blog\\\/#website\",\"url\":\"https:\\\/\\\/www.studinano.com\\\/blog\\\/\",\"name\":\"Studinano, le blog\",\"description\":\"Dans les rouages de l&#039;art et de la culture\",\"publisher\":{\"@id\":\"https:\\\/\\\/www.studinano.com\\\/blog\\\/#organization\"},\"potentialAction\":[{\"@type\":\"SearchAction\",\"target\":{\"@type\":\"EntryPoint\",\"urlTemplate\":\"https:\\\/\\\/www.studinano.com\\\/blog\\\/?s={search_term_string}\"},\"query-input\":{\"@type\":\"PropertyValueSpecification\",\"valueRequired\":true,\"valueName\":\"search_term_string\"}}],\"inLanguage\":\"fr-FR\"},{\"@type\":\"Organization\",\"@id\":\"https:\\\/\\\/www.studinano.com\\\/blog\\\/#organization\",\"name\":\"Studinano\",\"url\":\"https:\\\/\\\/www.studinano.com\\\/blog\\\/\",\"logo\":{\"@type\":\"ImageObject\",\"inLanguage\":\"fr-FR\",\"@id\":\"https:\\\/\\\/www.studinano.com\\\/blog\\\/#\\\/schema\\\/logo\\\/image\\\/\",\"url\":\"https:\\\/\\\/i0.wp.com\\\/www.studinano.com\\\/blog\\\/wp-content\\\/uploads\\\/2024\\\/08\\\/logo-studinano-coccinelle-pieuvre-steampunk.png?fit=1024%2C1024&ssl=1\",\"contentUrl\":\"https:\\\/\\\/i0.wp.com\\\/www.studinano.com\\\/blog\\\/wp-content\\\/uploads\\\/2024\\\/08\\\/logo-studinano-coccinelle-pieuvre-steampunk.png?fit=1024%2C1024&ssl=1\",\"width\":1024,\"height\":1024,\"caption\":\"Studinano\"},\"image\":{\"@id\":\"https:\\\/\\\/www.studinano.com\\\/blog\\\/#\\\/schema\\\/logo\\\/image\\\/\"},\"sameAs\":[\"https:\\\/\\\/www.facebook.com\\\/ByShou\",\"https:\\\/\\\/x.com\\\/Studinano\",\"https:\\\/\\\/www.instagram.com\\\/studinano.art\",\"https:\\\/\\\/www.tiktok.com\\\/@studidinano\",\"https:\\\/\\\/www.threads.net\\\/@studinano.art\"]}]}<\/script>\n<!-- \/ Yoast SEO plugin. -->","yoast_head_json":{"title":"Studinano : Blog art, culture et cr\u00e9ation par Caroline S. - Studinano, le blog","description":"Studinano, blog de Caroline S. (alias Shou) : pixel art, peinture, steampunk et culture. D\u00e9couvrez un regard artistique singulier sur l'art et le patrimoine.","robots":{"index":"index","follow":"follow","max-snippet":"max-snippet:-1","max-image-preview":"max-image-preview:large","max-video-preview":"max-video-preview:-1"},"canonical":"https:\/\/www.studinano.com\/blog\/about\/","og_locale":"fr_FR","og_type":"article","og_title":"Studinano : Blog art, culture et cr\u00e9ation par Caroline S. - Studinano, le blog","og_description":"Studinano, blog de Caroline S. (alias Shou) : pixel art, peinture, steampunk et culture. D\u00e9couvrez un regard artistique singulier sur l'art et le patrimoine.","og_url":"https:\/\/www.studinano.com\/blog\/about\/","og_site_name":"Studinano, le blog","article_publisher":"https:\/\/www.facebook.com\/ByShou","article_modified_time":"2026-03-28T15:28:20+00:00","twitter_card":"summary_large_image","twitter_site":"@Studinano","twitter_misc":{"Dur\u00e9e de lecture estim\u00e9e":"2 minutes"},"schema":{"@context":"https:\/\/schema.org","@graph":[{"@type":"WebPage","@id":"https:\/\/www.studinano.com\/blog\/about\/","url":"https:\/\/www.studinano.com\/blog\/about\/","name":"Studinano : Blog art, culture et cr\u00e9ation par Caroline S. - Studinano, le blog","isPartOf":{"@id":"https:\/\/www.studinano.com\/blog\/#website"},"datePublished":"2012-01-27T13:48:42+00:00","dateModified":"2026-03-28T15:28:20+00:00","description":"Studinano, blog de Caroline S. (alias Shou) : pixel art, peinture, steampunk et culture. D\u00e9couvrez un regard artistique singulier sur l'art et le patrimoine.","breadcrumb":{"@id":"https:\/\/www.studinano.com\/blog\/about\/#breadcrumb"},"inLanguage":"fr-FR","potentialAction":[{"@type":"ReadAction","target":["https:\/\/www.studinano.com\/blog\/about\/"]}]},{"@type":"BreadcrumbList","@id":"https:\/\/www.studinano.com\/blog\/about\/#breadcrumb","itemListElement":[{"@type":"ListItem","position":1,"name":"Accueil","item":"https:\/\/www.studinano.com\/blog\/"},{"@type":"ListItem","position":2,"name":"Studinano : Blog art, culture et cr\u00e9ation par Caroline S."}]},{"@type":"WebSite","@id":"https:\/\/www.studinano.com\/blog\/#website","url":"https:\/\/www.studinano.com\/blog\/","name":"Studinano, le blog","description":"Dans les rouages de l&#039;art et de la culture","publisher":{"@id":"https:\/\/www.studinano.com\/blog\/#organization"},"potentialAction":[{"@type":"SearchAction","target":{"@type":"EntryPoint","urlTemplate":"https:\/\/www.studinano.com\/blog\/?s={search_term_string}"},"query-input":{"@type":"PropertyValueSpecification","valueRequired":true,"valueName":"search_term_string"}}],"inLanguage":"fr-FR"},{"@type":"Organization","@id":"https:\/\/www.studinano.com\/blog\/#organization","name":"Studinano","url":"https:\/\/www.studinano.com\/blog\/","logo":{"@type":"ImageObject","inLanguage":"fr-FR","@id":"https:\/\/www.studinano.com\/blog\/#\/schema\/logo\/image\/","url":"https:\/\/i0.wp.com\/www.studinano.com\/blog\/wp-content\/uploads\/2024\/08\/logo-studinano-coccinelle-pieuvre-steampunk.png?fit=1024%2C1024&ssl=1","contentUrl":"https:\/\/i0.wp.com\/www.studinano.com\/blog\/wp-content\/uploads\/2024\/08\/logo-studinano-coccinelle-pieuvre-steampunk.png?fit=1024%2C1024&ssl=1","width":1024,"height":1024,"caption":"Studinano"},"image":{"@id":"https:\/\/www.studinano.com\/blog\/#\/schema\/logo\/image\/"},"sameAs":["https:\/\/www.facebook.com\/ByShou","https:\/\/x.com\/Studinano","https:\/\/www.instagram.com\/studinano.art","https:\/\/www.tiktok.com\/@studidinano","https:\/\/www.threads.net\/@studinano.art"]}]}},"jetpack_shortlink":"https:\/\/wp.me\/P4XjvG-o","jetpack_sharing_enabled":true,"jetpack-related-posts":[{"id":1524,"url":"https:\/\/www.studinano.com\/blog\/about\/mentions-legales\/","url_meta":{"origin":24,"position":0},"title":"Mentions Legales","author":"Studinano","date":"26 ao\u00fbt 2014","format":false,"excerpt":"\u00c9diteur Ce site web a \u00e9t\u00e9 cr\u00e9\u00e9 et est \u00e9dit\u00e9 par Caroline Soreau. Le pseudonyme de Caroline Soreau, sous lequel le travail pr\u00e9sent sur ce site peut \u00e9galement se trouver sign\u00e9, est Shou' ou, plus exceptionnellement, Shousetsu. Que ce soit sous ces pseudonymes ou sous son nom complet, sauf mention\u2026","rel":"","context":"Article similaire","block_context":{"text":"Article similaire","link":""},"img":{"alt_text":"","src":"https:\/\/i0.wp.com\/www.studinano.com\/blog\/wp-content\/uploads\/2025\/05\/privacy-policy-5243225_1280.jpg?fit=1200%2C630&ssl=1&resize=350%2C200","width":350,"height":200,"srcset":"https:\/\/i0.wp.com\/www.studinano.com\/blog\/wp-content\/uploads\/2025\/05\/privacy-policy-5243225_1280.jpg?fit=1200%2C630&ssl=1&resize=350%2C200 1x, https:\/\/i0.wp.com\/www.studinano.com\/blog\/wp-content\/uploads\/2025\/05\/privacy-policy-5243225_1280.jpg?fit=1200%2C630&ssl=1&resize=525%2C300 1.5x, https:\/\/i0.wp.com\/www.studinano.com\/blog\/wp-content\/uploads\/2025\/05\/privacy-policy-5243225_1280.jpg?fit=1200%2C630&ssl=1&resize=700%2C400 2x, https:\/\/i0.wp.com\/www.studinano.com\/blog\/wp-content\/uploads\/2025\/05\/privacy-policy-5243225_1280.jpg?fit=1200%2C630&ssl=1&resize=1050%2C600 3x"},"classes":[]},{"id":1320,"url":"https:\/\/www.studinano.com\/blog\/les-boutiques-studinano\/","url_meta":{"origin":24,"position":1},"title":"Boutiques | Shops","author":"Studinano","date":"20 ao\u00fbt 2014","format":false,"excerpt":"Commander sur Studinano : Liste des boutiques Studinano : Boutique Etsy : J'y vends des toiles, dessins et\/ou reproductions faites-mains. Comme il s'agit souvent d'exemplaires uniques, le stock de cette boutique est tr\u00e8s variable. J'y mets cependant en vente des reproductions \u00e0 prix tout \u00e0 fait abordables (comme des petites\u2026","rel":"","context":"Article similaire","block_context":{"text":"Article similaire","link":""},"img":{"alt_text":"","src":"https:\/\/i0.wp.com\/www.studinano.com\/blog\/wp-content\/uploads\/2014\/08\/produits-boutiques-studinano.jpg?fit=1038%2C240&ssl=1&resize=350%2C200","width":350,"height":200,"srcset":"https:\/\/i0.wp.com\/www.studinano.com\/blog\/wp-content\/uploads\/2014\/08\/produits-boutiques-studinano.jpg?fit=1038%2C240&ssl=1&resize=350%2C200 1x, https:\/\/i0.wp.com\/www.studinano.com\/blog\/wp-content\/uploads\/2014\/08\/produits-boutiques-studinano.jpg?fit=1038%2C240&ssl=1&resize=525%2C300 1.5x, https:\/\/i0.wp.com\/www.studinano.com\/blog\/wp-content\/uploads\/2014\/08\/produits-boutiques-studinano.jpg?fit=1038%2C240&ssl=1&resize=700%2C400 2x"},"classes":[]},{"id":632,"url":"https:\/\/www.studinano.com\/blog\/about\/qui-suis-je\/","url_meta":{"origin":24,"position":2},"title":"Qui suis-je ?","author":"Studinano","date":"23 juillet 2013","format":false,"excerpt":"Identit\u00e9 : Nom : Caroline Soreau Date de naissance :\u00a001 \/ 05 \/ 1991 Lieu : Nord (59), France Pseudonymes : Shou', Studinano, Lady Bug... selon le contexte. Pour en savoir plus : [ Mon Portfolio ] Etudes : 2006 - 2009 : Bac Litt\u00e9raire - Option Arts Plastiques avec\u2026","rel":"","context":"Article similaire","block_context":{"text":"Article similaire","link":""},"img":{"alt_text":"Caroline Soreau et Anima Auto Crux","src":"https:\/\/i0.wp.com\/www.studinano.com\/blog\/wp-content\/uploads\/2013\/07\/IMG_1443.jpg?fit=1200%2C800&ssl=1&resize=350%2C200","width":350,"height":200,"srcset":"https:\/\/i0.wp.com\/www.studinano.com\/blog\/wp-content\/uploads\/2013\/07\/IMG_1443.jpg?fit=1200%2C800&ssl=1&resize=350%2C200 1x, https:\/\/i0.wp.com\/www.studinano.com\/blog\/wp-content\/uploads\/2013\/07\/IMG_1443.jpg?fit=1200%2C800&ssl=1&resize=525%2C300 1.5x, https:\/\/i0.wp.com\/www.studinano.com\/blog\/wp-content\/uploads\/2013\/07\/IMG_1443.jpg?fit=1200%2C800&ssl=1&resize=700%2C400 2x, https:\/\/i0.wp.com\/www.studinano.com\/blog\/wp-content\/uploads\/2013\/07\/IMG_1443.jpg?fit=1200%2C800&ssl=1&resize=1050%2C600 3x"},"classes":[]},{"id":5423,"url":"https:\/\/www.studinano.com\/blog\/halloween-et-studinano\/","url_meta":{"origin":24,"position":3},"title":"Halloween et Studinano","author":"Studinano","date":"31 octobre 2016","format":false,"excerpt":"Sorci\u00e8res, fant\u00f4mes et autres citrouilles effrayantes : Halloween est une f\u00eate qui m'inspire. Retrouvez mes diff\u00e9rentes cr\u00e9ations sur ce th\u00e8me sur cette page. Cliquez pour agrandir une image. Cliquez pour agrandir une image.","rel":"","context":"Dans \"31 octobre\"","block_context":{"text":"31 octobre","link":"https:\/\/www.studinano.com\/blog\/tag\/31-octobre\/"},"img":{"alt_text":"","src":"https:\/\/i0.wp.com\/www.studinano.com\/blog\/wp-content\/uploads\/2016\/10\/A6_10000_carre.jpg?fit=1200%2C1200&ssl=1&resize=350%2C200","width":350,"height":200,"srcset":"https:\/\/i0.wp.com\/www.studinano.com\/blog\/wp-content\/uploads\/2016\/10\/A6_10000_carre.jpg?fit=1200%2C1200&ssl=1&resize=350%2C200 1x, https:\/\/i0.wp.com\/www.studinano.com\/blog\/wp-content\/uploads\/2016\/10\/A6_10000_carre.jpg?fit=1200%2C1200&ssl=1&resize=525%2C300 1.5x, https:\/\/i0.wp.com\/www.studinano.com\/blog\/wp-content\/uploads\/2016\/10\/A6_10000_carre.jpg?fit=1200%2C1200&ssl=1&resize=700%2C400 2x, https:\/\/i0.wp.com\/www.studinano.com\/blog\/wp-content\/uploads\/2016\/10\/A6_10000_carre.jpg?fit=1200%2C1200&ssl=1&resize=1050%2C600 3x"},"classes":[]},{"id":7,"url":"https:\/\/www.studinano.com\/blog\/studinano-est-en-maintenance\/","url_meta":{"origin":24,"position":4},"title":"Bienvenue sur Studinano !","author":"Studinano","date":"19 ao\u00fbt 2014","format":false,"excerpt":"Toute l'ann\u00e9e, pensez aux boutiques Studinano ! Vous y trouverez des v\u00eatements, des bijoux, des accessoires et des cr\u00e9ations originales pour faire plaisir aux grands, aux petits, \u00e0 toute la famille et pour toutes les occasions ! Boutique Etsy - Boutique Redbubble - Boutique Spreadshirt Citation : Derni\u00e8res nouveaut\u00e9s et\u2026","rel":"","context":"Dans \"#JeSuisCharlie\"","block_context":{"text":"#JeSuisCharlie","link":"https:\/\/www.studinano.com\/blog\/tag\/jesuischarlie\/"},"img":{"alt_text":"","src":"https:\/\/i0.wp.com\/www.studinano.com\/blog\/wp-content\/uploads\/2014\/08\/bienvenue.jpg?fit=1200%2C229&ssl=1&resize=350%2C200","width":350,"height":200,"srcset":"https:\/\/i0.wp.com\/www.studinano.com\/blog\/wp-content\/uploads\/2014\/08\/bienvenue.jpg?fit=1200%2C229&ssl=1&resize=350%2C200 1x, https:\/\/i0.wp.com\/www.studinano.com\/blog\/wp-content\/uploads\/2014\/08\/bienvenue.jpg?fit=1200%2C229&ssl=1&resize=525%2C300 1.5x, https:\/\/i0.wp.com\/www.studinano.com\/blog\/wp-content\/uploads\/2014\/08\/bienvenue.jpg?fit=1200%2C229&ssl=1&resize=700%2C400 2x, https:\/\/i0.wp.com\/www.studinano.com\/blog\/wp-content\/uploads\/2014\/08\/bienvenue.jpg?fit=1200%2C229&ssl=1&resize=1050%2C600 3x"},"classes":[]},{"id":4677,"url":"https:\/\/www.studinano.com\/blog\/creations-de-studinano\/","url_meta":{"origin":24,"position":5},"title":"Les Cr\u00e9ations de Studinano","author":"Studinano","date":"11 ao\u00fbt 2015","format":false,"excerpt":"Cliquez sur l'une des banni\u00e8res ci-dessous pour acc\u00e9der \u00e0 mes diff\u00e9rentes cr\u00e9ations.","rel":"","context":"Article similaire","block_context":{"text":"Article similaire","link":""},"img":{"alt_text":"Peintures de Studinano","src":"https:\/\/i0.wp.com\/www.studinano.com\/blog\/wp-content\/uploads\/2015\/08\/peintures-paintings-studinano-banniere.jpg?resize=350%2C200","width":350,"height":200,"srcset":"https:\/\/i0.wp.com\/www.studinano.com\/blog\/wp-content\/uploads\/2015\/08\/peintures-paintings-studinano-banniere.jpg?resize=350%2C200 1x, https:\/\/i0.wp.com\/www.studinano.com\/blog\/wp-content\/uploads\/2015\/08\/peintures-paintings-studinano-banniere.jpg?resize=525%2C300 1.5x, https:\/\/i0.wp.com\/www.studinano.com\/blog\/wp-content\/uploads\/2015\/08\/peintures-paintings-studinano-banniere.jpg?resize=700%2C400 2x"},"classes":[]}],"jetpack_likes_enabled":true,"_links":{"self":[{"href":"https:\/\/www.studinano.com\/blog\/wp-json\/wp\/v2\/pages\/24","targetHints":{"allow":["GET"]}}],"collection":[{"href":"https:\/\/www.studinano.com\/blog\/wp-json\/wp\/v2\/pages"}],"about":[{"href":"https:\/\/www.studinano.com\/blog\/wp-json\/wp\/v2\/types\/page"}],"author":[{"embeddable":true,"href":"https:\/\/www.studinano.com\/blog\/wp-json\/wp\/v2\/users\/1"}],"replies":[{"embeddable":true,"href":"https:\/\/www.studinano.com\/blog\/wp-json\/wp\/v2\/comments?post=24"}],"version-history":[{"count":5,"href":"https:\/\/www.studinano.com\/blog\/wp-json\/wp\/v2\/pages\/24\/revisions"}],"predecessor-version":[{"id":11680,"href":"https:\/\/www.studinano.com\/blog\/wp-json\/wp\/v2\/pages\/24\/revisions\/11680"}],"wp:attachment":[{"href":"https:\/\/www.studinano.com\/blog\/wp-json\/wp\/v2\/media?parent=24"}],"curies":[{"name":"wp","href":"https:\/\/api.w.org\/{rel}","templated":true}]}}