{"id":1524,"date":"2014-08-26T16:00:19","date_gmt":"2014-08-26T15:00:19","guid":{"rendered":"http:\/\/www.studinano.com\/?page_id=1524"},"modified":"2025-05-18T13:20:18","modified_gmt":"2025-05-18T12:20:18","slug":"mentions-legales","status":"publish","type":"page","link":"https:\/\/www.studinano.com\/blog\/about\/mentions-legales\/","title":{"rendered":"Mentions Legales"},"content":{"rendered":"<span class=\"span-reading-time rt-reading-time\" style=\"display: block;\"><span class=\"rt-label rt-prefix\">Temps de lecture&nbsp;: <\/span> <span class=\"rt-time\"> 2<\/span> <span class=\"rt-label rt-postfix\">minutes<\/span><\/span><h3>&Eacute;diteur<\/h3>\n<p>Ce site web a &eacute;t&eacute; cr&eacute;&eacute; et est &eacute;dit&eacute; par <strong>Caroline Soreau<\/strong>.<br>\nLe pseudonyme de Caroline Soreau, sous lequel le travail pr&eacute;sent sur ce site peut &eacute;galement se trouver sign&eacute;, est <strong>Shou&rsquo; <\/strong>ou, plus exceptionnellement, <strong>Shousetsu<\/strong>.<br>\nQue ce soit sous ces pseudonymes ou sous son nom complet, sauf mention contraire, tous les textes, images, sons et vid&eacute;os publi&eacute;s sur ce site sont la propri&eacute;t&eacute; de l&rsquo;&eacute;diteur.<\/p>\n<p>Toutes les informations pr&eacute;sentes sur cette page s&rsquo;appliquent &eacute;galement aux pages associ&eacute;se au site <a href=\"http:\/\/www.studinano.com\/\">Studinano<\/a> et administr&eacute;es par Caroline Soreau (Shou&rsquo;), &agrave; savoir : <a href=\"http:\/\/www.facebook.com\/ByShou\" target=\"_blank\" rel=\"noopener\">http:\/\/www.facebook.com\/ByShou<\/a><br><a href=\"http:\/\/twitter.com\/Studinano\" target=\"_blank\" rel=\"noopener\"> http:\/\/twitter.com\/Studinano<\/a><br><a href=\"https:\/\/plus.google.com\/u\/0\/117597022900397308899\/posts\" target=\"_blank\" rel=\"noopener\"> https:\/\/plus.google.com\/u\/0\/117597022900397308899\/posts<\/a><br><a href=\"http:\/\/www.pinterest.com\/studinano\/\" target=\"_blank\" rel=\"noopener\"> http:\/\/www.pinterest.com\/studinano\/<\/a><br><a href=\"http:\/\/instagram.com\/studinano.art\" target=\"_blank\" rel=\"noopener\"> http:\/\/instagram.com\/studinanoshou<\/a><br><a href=\"https:\/\/www.flickr.com\/photos\/studinano\/\" target=\"_blank\" rel=\"noopener\"> https:\/\/www.flickr.com\/photos\/studinano\/<\/a><br><a href=\"http:\/\/studinano.tumblr.com\/\" target=\"_blank\" rel=\"noopener\"> http:\/\/studinano.tumblr.com\/<\/a><br><a href=\"https:\/\/www.youtube.com\/user\/studinano\" target=\"_blank\" rel=\"noopener\"> http:\/\/www.youtube.com\/user\/studinano<\/a><br>\n(Liste non-exhaustive)<\/p>\n<p>Pour toutes questions, requ&ecirc;tes ou r&eacute;clamations vous pouvez contacter l&rsquo;&eacute;diteur par courriel gr&acirc;ce au <a href=\"https:\/\/www.studinano.com\/blog\/contacts\/\">formulaire de contact<\/a>.<\/p>\n<h3>H&eacute;bergement<\/h3>\n<p>Ce site est h&eacute;berg&eacute; sur un serveur lou&eacute; &agrave; la soci&eacute;t&eacute; <strong>OVH<\/strong> :<\/p>\n<p>OVH SARL<br>\n140 Quai du Sartel<br>\n59100 Roubaix<br>\nFrance<\/p>\n<h3>Propri&eacute;t&eacute; intellectuelle<\/h3>\n<p>Sauf mention contraire, les textes, images, sons et vid&eacute;os publi&eacute;s sur ce site sont la propri&eacute;t&eacute; de l&rsquo;&eacute;diteur.<\/p>\n<p>Des autorisations de reproduction &agrave; titre gracieux peuvent &ecirc;tre accord&eacute;es au cas par cas, sur demande motiv&eacute;e. En dehors de cela, toutes les cr&eacute;ations pr&eacute;sentes sur ce site sont plac&eacute;es sous <strong>licence Creative Commons<\/strong>.<\/p>\n<p><a href=\"http:\/\/creativecommons.org\/licenses\/by-nc-nd\/3.0\/\" rel=\"license\"><img data-recalc-dims=\"1\" decoding=\"async\" style=\"border-width: 0;\" src=\"https:\/\/i0.wp.com\/i.creativecommons.org\/l\/by-nc-nd\/3.0\/88x31.png\" alt=\"Licence Creative Commons\"\/><\/a><br>\nStudinano de <a href=\"http:\/\/www.studinano.com\/\">Caroline Soreau, Shou&rsquo;<\/a> est mis &agrave; disposition selon les termes de la <a href=\"http:\/\/creativecommons.org\/licenses\/by-nc-nd\/3.0\/\" target=\"_blank\" rel=\"noopener\">licence Creative Commons Attribution &ndash; Pas d&rsquo;Utilisation Commerciale &ndash; Pas de Modification 3.0 non transpos&eacute;<\/a>.<br>\nLes autorisations au-del&agrave; du champ de cette licence peuvent &ecirc;tre obtenues &agrave; <a href=\"http:\/\/www.studinano.com\/\">http:\/\/www.studinano.com\/<\/a>.<\/p>\n<h3>Publication de commentaires<\/h3>\n<p>En publiant un commentaire sur ce site (via, par exemple, <a title=\"Livre d&rsquo;or\" href=\"http:\/\/www.studinano.com\/livre-dor\">le livre d&rsquo;or<\/a> ou tout autre page et article mis en ligne ou encore les pages de r&eacute;seaux sociaux li&eacute;s &agrave; ce site), vous reconnaissez autoriser l&rsquo;&eacute;diteur :<br>\n&ndash; &agrave; reproduire, distribuer et communiquer votre commentaire au public, &agrave; titre gratuit, pour la dur&eacute;e l&eacute;gale de la protection du droit d&rsquo;exploitation pr&eacute;vu par la loi, sans limitation de lieu, ni de support,<br>\n&ndash; &agrave; supprimer tout ou partie de votre commentaire, sans avoir de justification particuli&egrave;re &agrave; vous fournir,<br>\n&ndash; &agrave; stocker dans sa base de donn&eacute;es et sans limites de temps vos informations de connexion.<\/p>\n<p>Les commentaires publi&eacute;s engagent la responsabilit&eacute; de leurs auteurs respectifs.<\/p>\n<h3>Lecture et avis<\/h3>\n<p>La consultation de ce site est libre.<\/p>\n<p>Si l&rsquo;internaute n&rsquo;est pas en accord avec ce qui y est dit, il est libre de quitter le site &agrave; tout moment, ou pourra laisser un commentaire ou contacter l&rsquo;&eacute;diteur par courrier &agrave; l&rsquo;adresse indiqu&eacute;e plus haut.<\/p>","protected":false},"excerpt":{"rendered":"<p><span class=\"span-reading-time rt-reading-time\" style=\"display: block;\"><span class=\"rt-label rt-prefix\">Temps de lecture&nbsp;: <\/span> <span class=\"rt-time\"> 2<\/span> <span class=\"rt-label rt-postfix\">minutes<\/span><\/span>&Eacute;diteur Ce site web a &eacute;t&eacute; cr&eacute;&eacute; et est &eacute;dit&eacute; par Caroline Soreau. Le pseudonyme de Caroline Soreau, sous lequel le travail pr&eacute;sent sur ce site peut &eacute;galement se trouver sign&eacute;, est Shou&rsquo; ou, plus exceptionnellement, Shousetsu. Que ce soit sous ces pseudonymes ou sous son nom complet, sauf mention contraire, tous les textes, images, [&hellip;]<\/p>","protected":false},"author":1,"featured_media":10057,"parent":24,"menu_order":3,"comment_status":"closed","ping_status":"closed","template":"","meta":{"jetpack_post_was_ever_published":false,"footnotes":"","_links_to":"","_links_to_target":""},"class_list":["post-1524","page","type-page","status-publish","has-post-thumbnail","hentry"],"yoast_head":"<!-- This site is optimized with the Yoast SEO plugin v27.5 - https:\/\/yoast.com\/product\/yoast-seo-wordpress\/ -->\n<title>Mentions Legales - Studinano, le blog<\/title>\n<meta name=\"robots\" content=\"index, follow, max-snippet:-1, max-image-preview:large, max-video-preview:-1\" \/>\n<link rel=\"canonical\" href=\"https:\/\/www.studinano.com\/blog\/about\/mentions-legales\/\" \/>\n<meta property=\"og:locale\" content=\"fr_FR\" \/>\n<meta property=\"og:type\" content=\"article\" \/>\n<meta property=\"og:title\" content=\"Mentions Legales - Studinano, le blog\" \/>\n<meta property=\"og:description\" content=\"Temps de lecture&nbsp;:  2 minutes&Eacute;diteur Ce site web a &eacute;t&eacute; cr&eacute;&eacute; et est &eacute;dit&eacute; par Caroline Soreau. Le pseudonyme de Caroline Soreau, sous lequel le travail pr&eacute;sent sur ce site peut &eacute;galement se trouver sign&eacute;, est Shou&rsquo; ou, plus exceptionnellement, Shousetsu. Que ce soit sous ces pseudonymes ou sous son nom complet, sauf mention contraire, tous les textes, images, [&hellip;]\" \/>\n<meta property=\"og:url\" content=\"https:\/\/www.studinano.com\/blog\/about\/mentions-legales\/\" \/>\n<meta property=\"og:site_name\" content=\"Studinano, le blog\" \/>\n<meta property=\"article:publisher\" content=\"https:\/\/www.facebook.com\/ByShou\" \/>\n<meta property=\"article:modified_time\" content=\"2025-05-18T12:20:18+00:00\" \/>\n<meta property=\"og:image\" content=\"https:\/\/www.studinano.com\/blog\/wp-content\/uploads\/2025\/05\/privacy-policy-5243225_1280.jpg\" \/>\n\t<meta property=\"og:image:width\" content=\"1200\" \/>\n\t<meta property=\"og:image:height\" content=\"630\" \/>\n\t<meta property=\"og:image:type\" content=\"image\/jpeg\" \/>\n<meta name=\"twitter:card\" content=\"summary_large_image\" \/>\n<meta name=\"twitter:site\" content=\"@Studinano\" \/>\n<meta name=\"twitter:label1\" content=\"Dur\u00e9e de lecture estim\u00e9e\" \/>\n\t<meta name=\"twitter:data1\" content=\"3 minutes\" \/>\n<script type=\"application\/ld+json\" class=\"yoast-schema-graph\">{\"@context\":\"https:\\\/\\\/schema.org\",\"@graph\":[{\"@type\":\"WebPage\",\"@id\":\"https:\\\/\\\/www.studinano.com\\\/blog\\\/about\\\/mentions-legales\\\/\",\"url\":\"https:\\\/\\\/www.studinano.com\\\/blog\\\/about\\\/mentions-legales\\\/\",\"name\":\"Mentions Legales - Studinano, le blog\",\"isPartOf\":{\"@id\":\"https:\\\/\\\/www.studinano.com\\\/blog\\\/#website\"},\"primaryImageOfPage\":{\"@id\":\"https:\\\/\\\/www.studinano.com\\\/blog\\\/about\\\/mentions-legales\\\/#primaryimage\"},\"image\":{\"@id\":\"https:\\\/\\\/www.studinano.com\\\/blog\\\/about\\\/mentions-legales\\\/#primaryimage\"},\"thumbnailUrl\":\"https:\\\/\\\/i0.wp.com\\\/www.studinano.com\\\/blog\\\/wp-content\\\/uploads\\\/2025\\\/05\\\/privacy-policy-5243225_1280.jpg?fit=1200%2C630&ssl=1\",\"datePublished\":\"2014-08-26T15:00:19+00:00\",\"dateModified\":\"2025-05-18T12:20:18+00:00\",\"breadcrumb\":{\"@id\":\"https:\\\/\\\/www.studinano.com\\\/blog\\\/about\\\/mentions-legales\\\/#breadcrumb\"},\"inLanguage\":\"fr-FR\",\"potentialAction\":[{\"@type\":\"ReadAction\",\"target\":[\"https:\\\/\\\/www.studinano.com\\\/blog\\\/about\\\/mentions-legales\\\/\"]}]},{\"@type\":\"ImageObject\",\"inLanguage\":\"fr-FR\",\"@id\":\"https:\\\/\\\/www.studinano.com\\\/blog\\\/about\\\/mentions-legales\\\/#primaryimage\",\"url\":\"https:\\\/\\\/i0.wp.com\\\/www.studinano.com\\\/blog\\\/wp-content\\\/uploads\\\/2025\\\/05\\\/privacy-policy-5243225_1280.jpg?fit=1200%2C630&ssl=1\",\"contentUrl\":\"https:\\\/\\\/i0.wp.com\\\/www.studinano.com\\\/blog\\\/wp-content\\\/uploads\\\/2025\\\/05\\\/privacy-policy-5243225_1280.jpg?fit=1200%2C630&ssl=1\",\"width\":1200,\"height\":630},{\"@type\":\"BreadcrumbList\",\"@id\":\"https:\\\/\\\/www.studinano.com\\\/blog\\\/about\\\/mentions-legales\\\/#breadcrumb\",\"itemListElement\":[{\"@type\":\"ListItem\",\"position\":1,\"name\":\"Accueil\",\"item\":\"https:\\\/\\\/www.studinano.com\\\/blog\\\/\"},{\"@type\":\"ListItem\",\"position\":2,\"name\":\"Studinano : Blog art, culture et cr\u00e9ation par Caroline S.\",\"item\":\"https:\\\/\\\/www.studinano.com\\\/blog\\\/about\\\/\"},{\"@type\":\"ListItem\",\"position\":3,\"name\":\"Mentions Legales\"}]},{\"@type\":\"WebSite\",\"@id\":\"https:\\\/\\\/www.studinano.com\\\/blog\\\/#website\",\"url\":\"https:\\\/\\\/www.studinano.com\\\/blog\\\/\",\"name\":\"Studinano, le blog\",\"description\":\"Dans les rouages de l&#039;art et de la culture\",\"publisher\":{\"@id\":\"https:\\\/\\\/www.studinano.com\\\/blog\\\/#organization\"},\"potentialAction\":[{\"@type\":\"SearchAction\",\"target\":{\"@type\":\"EntryPoint\",\"urlTemplate\":\"https:\\\/\\\/www.studinano.com\\\/blog\\\/?s={search_term_string}\"},\"query-input\":{\"@type\":\"PropertyValueSpecification\",\"valueRequired\":true,\"valueName\":\"search_term_string\"}}],\"inLanguage\":\"fr-FR\"},{\"@type\":\"Organization\",\"@id\":\"https:\\\/\\\/www.studinano.com\\\/blog\\\/#organization\",\"name\":\"Studinano\",\"url\":\"https:\\\/\\\/www.studinano.com\\\/blog\\\/\",\"logo\":{\"@type\":\"ImageObject\",\"inLanguage\":\"fr-FR\",\"@id\":\"https:\\\/\\\/www.studinano.com\\\/blog\\\/#\\\/schema\\\/logo\\\/image\\\/\",\"url\":\"https:\\\/\\\/i0.wp.com\\\/www.studinano.com\\\/blog\\\/wp-content\\\/uploads\\\/2024\\\/08\\\/logo-studinano-coccinelle-pieuvre-steampunk.png?fit=1024%2C1024&ssl=1\",\"contentUrl\":\"https:\\\/\\\/i0.wp.com\\\/www.studinano.com\\\/blog\\\/wp-content\\\/uploads\\\/2024\\\/08\\\/logo-studinano-coccinelle-pieuvre-steampunk.png?fit=1024%2C1024&ssl=1\",\"width\":1024,\"height\":1024,\"caption\":\"Studinano\"},\"image\":{\"@id\":\"https:\\\/\\\/www.studinano.com\\\/blog\\\/#\\\/schema\\\/logo\\\/image\\\/\"},\"sameAs\":[\"https:\\\/\\\/www.facebook.com\\\/ByShou\",\"https:\\\/\\\/x.com\\\/Studinano\",\"https:\\\/\\\/www.instagram.com\\\/studinano.art\",\"https:\\\/\\\/www.tiktok.com\\\/@studidinano\",\"https:\\\/\\\/www.threads.net\\\/@studinano.art\"]}]}<\/script>\n<!-- \/ Yoast SEO plugin. -->","yoast_head_json":{"title":"Mentions Legales - Studinano, le blog","robots":{"index":"index","follow":"follow","max-snippet":"max-snippet:-1","max-image-preview":"max-image-preview:large","max-video-preview":"max-video-preview:-1"},"canonical":"https:\/\/www.studinano.com\/blog\/about\/mentions-legales\/","og_locale":"fr_FR","og_type":"article","og_title":"Mentions Legales - Studinano, le blog","og_description":"Temps de lecture&nbsp;:  2 minutes&Eacute;diteur Ce site web a &eacute;t&eacute; cr&eacute;&eacute; et est &eacute;dit&eacute; par Caroline Soreau. Le pseudonyme de Caroline Soreau, sous lequel le travail pr&eacute;sent sur ce site peut &eacute;galement se trouver sign&eacute;, est Shou&rsquo; ou, plus exceptionnellement, Shousetsu. Que ce soit sous ces pseudonymes ou sous son nom complet, sauf mention contraire, tous les textes, images, [&hellip;]","og_url":"https:\/\/www.studinano.com\/blog\/about\/mentions-legales\/","og_site_name":"Studinano, le blog","article_publisher":"https:\/\/www.facebook.com\/ByShou","article_modified_time":"2025-05-18T12:20:18+00:00","og_image":[{"width":1200,"height":630,"url":"https:\/\/www.studinano.com\/blog\/wp-content\/uploads\/2025\/05\/privacy-policy-5243225_1280.jpg","type":"image\/jpeg"}],"twitter_card":"summary_large_image","twitter_site":"@Studinano","twitter_misc":{"Dur\u00e9e de lecture estim\u00e9e":"3 minutes"},"schema":{"@context":"https:\/\/schema.org","@graph":[{"@type":"WebPage","@id":"https:\/\/www.studinano.com\/blog\/about\/mentions-legales\/","url":"https:\/\/www.studinano.com\/blog\/about\/mentions-legales\/","name":"Mentions Legales - Studinano, le blog","isPartOf":{"@id":"https:\/\/www.studinano.com\/blog\/#website"},"primaryImageOfPage":{"@id":"https:\/\/www.studinano.com\/blog\/about\/mentions-legales\/#primaryimage"},"image":{"@id":"https:\/\/www.studinano.com\/blog\/about\/mentions-legales\/#primaryimage"},"thumbnailUrl":"https:\/\/i0.wp.com\/www.studinano.com\/blog\/wp-content\/uploads\/2025\/05\/privacy-policy-5243225_1280.jpg?fit=1200%2C630&ssl=1","datePublished":"2014-08-26T15:00:19+00:00","dateModified":"2025-05-18T12:20:18+00:00","breadcrumb":{"@id":"https:\/\/www.studinano.com\/blog\/about\/mentions-legales\/#breadcrumb"},"inLanguage":"fr-FR","potentialAction":[{"@type":"ReadAction","target":["https:\/\/www.studinano.com\/blog\/about\/mentions-legales\/"]}]},{"@type":"ImageObject","inLanguage":"fr-FR","@id":"https:\/\/www.studinano.com\/blog\/about\/mentions-legales\/#primaryimage","url":"https:\/\/i0.wp.com\/www.studinano.com\/blog\/wp-content\/uploads\/2025\/05\/privacy-policy-5243225_1280.jpg?fit=1200%2C630&ssl=1","contentUrl":"https:\/\/i0.wp.com\/www.studinano.com\/blog\/wp-content\/uploads\/2025\/05\/privacy-policy-5243225_1280.jpg?fit=1200%2C630&ssl=1","width":1200,"height":630},{"@type":"BreadcrumbList","@id":"https:\/\/www.studinano.com\/blog\/about\/mentions-legales\/#breadcrumb","itemListElement":[{"@type":"ListItem","position":1,"name":"Accueil","item":"https:\/\/www.studinano.com\/blog\/"},{"@type":"ListItem","position":2,"name":"Studinano : Blog art, culture et cr\u00e9ation par Caroline S.","item":"https:\/\/www.studinano.com\/blog\/about\/"},{"@type":"ListItem","position":3,"name":"Mentions Legales"}]},{"@type":"WebSite","@id":"https:\/\/www.studinano.com\/blog\/#website","url":"https:\/\/www.studinano.com\/blog\/","name":"Studinano, le blog","description":"Dans les rouages de l&#039;art et de la culture","publisher":{"@id":"https:\/\/www.studinano.com\/blog\/#organization"},"potentialAction":[{"@type":"SearchAction","target":{"@type":"EntryPoint","urlTemplate":"https:\/\/www.studinano.com\/blog\/?s={search_term_string}"},"query-input":{"@type":"PropertyValueSpecification","valueRequired":true,"valueName":"search_term_string"}}],"inLanguage":"fr-FR"},{"@type":"Organization","@id":"https:\/\/www.studinano.com\/blog\/#organization","name":"Studinano","url":"https:\/\/www.studinano.com\/blog\/","logo":{"@type":"ImageObject","inLanguage":"fr-FR","@id":"https:\/\/www.studinano.com\/blog\/#\/schema\/logo\/image\/","url":"https:\/\/i0.wp.com\/www.studinano.com\/blog\/wp-content\/uploads\/2024\/08\/logo-studinano-coccinelle-pieuvre-steampunk.png?fit=1024%2C1024&ssl=1","contentUrl":"https:\/\/i0.wp.com\/www.studinano.com\/blog\/wp-content\/uploads\/2024\/08\/logo-studinano-coccinelle-pieuvre-steampunk.png?fit=1024%2C1024&ssl=1","width":1024,"height":1024,"caption":"Studinano"},"image":{"@id":"https:\/\/www.studinano.com\/blog\/#\/schema\/logo\/image\/"},"sameAs":["https:\/\/www.facebook.com\/ByShou","https:\/\/x.com\/Studinano","https:\/\/www.instagram.com\/studinano.art","https:\/\/www.tiktok.com\/@studidinano","https:\/\/www.threads.net\/@studinano.art"]}]}},"jetpack_shortlink":"https:\/\/wp.me\/P4XjvG-oA","jetpack_sharing_enabled":false,"jetpack-related-posts":[{"id":24,"url":"https:\/\/www.studinano.com\/blog\/about\/","url_meta":{"origin":1524,"position":0},"title":"Studinano : Blog art, culture et cr\u00e9ation par Caroline S.","author":"Studinano","date":"27 janvier 2012","format":false,"excerpt":"Studinano est la contraction des termes \"Studiolo\" (mot italien \u00e9voquant le cabinet de travail, en r\u00e9f\u00e9rence \u00e0 ceux qui ont \u00e9t\u00e9 conserv\u00e9s depuis la Renaissance) et \"Nano\" (unit\u00e9 utilis\u00e9e en \u00e9lectronique pour d\u00e9signer un \u00e9l\u00e9ment tr\u00e8s petit). Studinano is the contraction of the terms \"Studiolo\" (Italian word evoking the study,\u2026","rel":"","context":"Article similaire","block_context":{"text":"Article similaire","link":""},"img":{"alt_text":"","src":"","width":0,"height":0},"classes":[]},{"id":632,"url":"https:\/\/www.studinano.com\/blog\/about\/qui-suis-je\/","url_meta":{"origin":1524,"position":1},"title":"Qui suis-je ?","author":"Studinano","date":"23 juillet 2013","format":false,"excerpt":"Identit\u00e9 : Nom : Caroline Soreau Date de naissance :\u00a001 \/ 05 \/ 1991 Lieu : Nord (59), France Pseudonymes : Shou', Studinano, Lady Bug... selon le contexte. Pour en savoir plus : [ Mon Portfolio ] Etudes : 2006 - 2009 : Bac Litt\u00e9raire - Option Arts Plastiques avec\u2026","rel":"","context":"Article similaire","block_context":{"text":"Article similaire","link":""},"img":{"alt_text":"Caroline Soreau et Anima Auto Crux","src":"https:\/\/i0.wp.com\/www.studinano.com\/blog\/wp-content\/uploads\/2013\/07\/IMG_1443.jpg?fit=1200%2C800&ssl=1&resize=350%2C200","width":350,"height":200,"srcset":"https:\/\/i0.wp.com\/www.studinano.com\/blog\/wp-content\/uploads\/2013\/07\/IMG_1443.jpg?fit=1200%2C800&ssl=1&resize=350%2C200 1x, https:\/\/i0.wp.com\/www.studinano.com\/blog\/wp-content\/uploads\/2013\/07\/IMG_1443.jpg?fit=1200%2C800&ssl=1&resize=525%2C300 1.5x, https:\/\/i0.wp.com\/www.studinano.com\/blog\/wp-content\/uploads\/2013\/07\/IMG_1443.jpg?fit=1200%2C800&ssl=1&resize=700%2C400 2x, https:\/\/i0.wp.com\/www.studinano.com\/blog\/wp-content\/uploads\/2013\/07\/IMG_1443.jpg?fit=1200%2C800&ssl=1&resize=1050%2C600 3x"},"classes":[]},{"id":1320,"url":"https:\/\/www.studinano.com\/blog\/les-boutiques-studinano\/","url_meta":{"origin":1524,"position":2},"title":"Boutiques | Shops","author":"Studinano","date":"20 ao\u00fbt 2014","format":false,"excerpt":"Commander sur Studinano : Liste des boutiques Studinano : Boutique Etsy : J'y vends des toiles, dessins et\/ou reproductions faites-mains. Comme il s'agit souvent d'exemplaires uniques, le stock de cette boutique est tr\u00e8s variable. J'y mets cependant en vente des reproductions \u00e0 prix tout \u00e0 fait abordables (comme des petites\u2026","rel":"","context":"Article similaire","block_context":{"text":"Article similaire","link":""},"img":{"alt_text":"","src":"https:\/\/i0.wp.com\/www.studinano.com\/blog\/wp-content\/uploads\/2014\/08\/produits-boutiques-studinano.jpg?fit=1038%2C240&ssl=1&resize=350%2C200","width":350,"height":200,"srcset":"https:\/\/i0.wp.com\/www.studinano.com\/blog\/wp-content\/uploads\/2014\/08\/produits-boutiques-studinano.jpg?fit=1038%2C240&ssl=1&resize=350%2C200 1x, https:\/\/i0.wp.com\/www.studinano.com\/blog\/wp-content\/uploads\/2014\/08\/produits-boutiques-studinano.jpg?fit=1038%2C240&ssl=1&resize=525%2C300 1.5x, https:\/\/i0.wp.com\/www.studinano.com\/blog\/wp-content\/uploads\/2014\/08\/produits-boutiques-studinano.jpg?fit=1038%2C240&ssl=1&resize=700%2C400 2x"},"classes":[]},{"id":7,"url":"https:\/\/www.studinano.com\/blog\/studinano-est-en-maintenance\/","url_meta":{"origin":1524,"position":3},"title":"Bienvenue sur Studinano !","author":"Studinano","date":"19 ao\u00fbt 2014","format":false,"excerpt":"Toute l'ann\u00e9e, pensez aux boutiques Studinano ! Vous y trouverez des v\u00eatements, des bijoux, des accessoires et des cr\u00e9ations originales pour faire plaisir aux grands, aux petits, \u00e0 toute la famille et pour toutes les occasions ! Boutique Etsy - Boutique Redbubble - Boutique Spreadshirt Citation : Derni\u00e8res nouveaut\u00e9s et\u2026","rel":"","context":"Dans \"#JeSuisCharlie\"","block_context":{"text":"#JeSuisCharlie","link":"https:\/\/www.studinano.com\/blog\/tag\/jesuischarlie\/"},"img":{"alt_text":"","src":"https:\/\/i0.wp.com\/www.studinano.com\/blog\/wp-content\/uploads\/2014\/08\/bienvenue.jpg?fit=1200%2C229&ssl=1&resize=350%2C200","width":350,"height":200,"srcset":"https:\/\/i0.wp.com\/www.studinano.com\/blog\/wp-content\/uploads\/2014\/08\/bienvenue.jpg?fit=1200%2C229&ssl=1&resize=350%2C200 1x, https:\/\/i0.wp.com\/www.studinano.com\/blog\/wp-content\/uploads\/2014\/08\/bienvenue.jpg?fit=1200%2C229&ssl=1&resize=525%2C300 1.5x, https:\/\/i0.wp.com\/www.studinano.com\/blog\/wp-content\/uploads\/2014\/08\/bienvenue.jpg?fit=1200%2C229&ssl=1&resize=700%2C400 2x, https:\/\/i0.wp.com\/www.studinano.com\/blog\/wp-content\/uploads\/2014\/08\/bienvenue.jpg?fit=1200%2C229&ssl=1&resize=1050%2C600 3x"},"classes":[]},{"id":8387,"url":"https:\/\/www.studinano.com\/blog\/politique-de-confidentialite\/","url_meta":{"origin":1524,"position":4},"title":"Politique de confidentialit\u00e9","author":"Studinano","date":"19 ao\u00fbt 2024","format":false,"excerpt":"Qui sommes-nous\u00a0? L\u2019adresse de notre site est\u00a0: https:\/\/www.studinano.com\/blog. Commentaires Quand vous laissez un commentaire sur notre site, les donn\u00e9es inscrites dans le formulaire de commentaire, ainsi que votre adresse IP et l\u2019agent utilisateur de votre navigateur sont collect\u00e9s pour nous aider \u00e0 la d\u00e9tection des commentaires ind\u00e9sirables. Une cha\u00eene anonymis\u00e9e\u2026","rel":"","context":"Article similaire","block_context":{"text":"Article similaire","link":""},"img":{"alt_text":"","src":"","width":0,"height":0},"classes":[]},{"id":3788,"url":"https:\/\/www.studinano.com\/blog\/about\/webmaster-a-chat\/","url_meta":{"origin":1524,"position":5},"title":"Webmaster \u00e0 chat !","author":"Studinano","date":"2 avril 2015","format":false,"excerpt":"Vous avez s\u00fbrement d\u00e9j\u00e0 remarqu\u00e9 le macaron qui se trouve en bas de chaque page de Studinano : je suis une webmaster \u00e0 chat ! Webmaster \u00e0 chat : Studinano aime les chats ! Ancien macaron \"Team blogueuse \u00e0 chat\". Ceux qui me suivent depuis longtemps (et oui, Studinano prend\u2026","rel":"","context":"Dans \"amour\"","block_context":{"text":"amour","link":"https:\/\/www.studinano.com\/blog\/tag\/amour\/"},"img":{"alt_text":"","src":"https:\/\/i0.wp.com\/www.studinano.com\/blog\/wp-content\/uploads\/2015\/04\/yoshi-2.jpg?fit=800%2C533&ssl=1&resize=350%2C200","width":350,"height":200,"srcset":"https:\/\/i0.wp.com\/www.studinano.com\/blog\/wp-content\/uploads\/2015\/04\/yoshi-2.jpg?fit=800%2C533&ssl=1&resize=350%2C200 1x, https:\/\/i0.wp.com\/www.studinano.com\/blog\/wp-content\/uploads\/2015\/04\/yoshi-2.jpg?fit=800%2C533&ssl=1&resize=525%2C300 1.5x, https:\/\/i0.wp.com\/www.studinano.com\/blog\/wp-content\/uploads\/2015\/04\/yoshi-2.jpg?fit=800%2C533&ssl=1&resize=700%2C400 2x"},"classes":[]}],"jetpack_likes_enabled":true,"_links":{"self":[{"href":"https:\/\/www.studinano.com\/blog\/wp-json\/wp\/v2\/pages\/1524","targetHints":{"allow":["GET"]}}],"collection":[{"href":"https:\/\/www.studinano.com\/blog\/wp-json\/wp\/v2\/pages"}],"about":[{"href":"https:\/\/www.studinano.com\/blog\/wp-json\/wp\/v2\/types\/page"}],"author":[{"embeddable":true,"href":"https:\/\/www.studinano.com\/blog\/wp-json\/wp\/v2\/users\/1"}],"replies":[{"embeddable":true,"href":"https:\/\/www.studinano.com\/blog\/wp-json\/wp\/v2\/comments?post=1524"}],"version-history":[{"count":2,"href":"https:\/\/www.studinano.com\/blog\/wp-json\/wp\/v2\/pages\/1524\/revisions"}],"predecessor-version":[{"id":10060,"href":"https:\/\/www.studinano.com\/blog\/wp-json\/wp\/v2\/pages\/1524\/revisions\/10060"}],"up":[{"embeddable":true,"href":"https:\/\/www.studinano.com\/blog\/wp-json\/wp\/v2\/pages\/24"}],"wp:featuredmedia":[{"embeddable":true,"href":"https:\/\/www.studinano.com\/blog\/wp-json\/wp\/v2\/media\/10057"}],"wp:attachment":[{"href":"https:\/\/www.studinano.com\/blog\/wp-json\/wp\/v2\/media?parent=1524"}],"curies":[{"name":"wp","href":"https:\/\/api.w.org\/{rel}","templated":true}]}}